{"id":2871,"date":"2022-03-26T21:26:38","date_gmt":"2022-03-27T00:26:38","guid":{"rendered":"http:\/\/transitoamigo.com.br\/website\/?page_id=2871"},"modified":"2026-02-26T09:45:13","modified_gmt":"2026-02-26T12:45:13","slug":"home","status":"publish","type":"page","link":"https:\/\/transitoamigo.com.br\/website\/","title":{"rendered":"Home"},"content":{"rendered":"[vc_row fullwidth=&#8221;true&#8221; fullwidth_content=&#8221;false&#8221; id=&#8221;missao&#8221; css=&#8221;.vc_custom_1771878582357{padding-top: 32px !important;padding-bottom: 32px !important;}&#8221;][vc_column][mk_fancy_title font_family=&#8221;none&#8221; align=&#8221;center&#8221;]\n<h2><strong>Miss\u00e3o da TR\u00c2NSITOAMIGO<\/strong> \u2013 Associa\u00e7\u00e3o de Parentes, Amigos e V\u00edtimas de Tr\u00e2nsito<\/h2>\n[\/mk_fancy_title][vc_column_text css=&#8221;.vc_custom_1771877618882{margin-bottom: 0px !important;}&#8221;]A Associa\u00e7\u00e3o de Parentes, Amigos e V\u00edtimas de Tr\u00e2nsito tem como foco principal acolher, apoiar e dar voz \u00e0s v\u00edtimas dos chamados sinistros de tr\u00e2nsito e seus familiares, oferecendo suporte emocional, jur\u00eddico e social em momentos de dor e reconstru\u00e7\u00e3o.<\/p>\n<p>Nosso compromisso se estende para al\u00e9m do atendimento direto \u00e0s v\u00edtimas: atuamos de forma ativa junto aos organismos p\u00fablicos respons\u00e1veis pela gest\u00e3o do tr\u00e2nsito no Brasil, buscando o fortalecimento das pol\u00edticas p\u00fablicas de preven\u00e7\u00e3o, fiscaliza\u00e7\u00e3o e responsabiliza\u00e7\u00e3o e educa\u00e7\u00e3o de modo a garantir maior seguran\u00e7a vi\u00e1ria e reduzir a sinistralidade e, principalmente, a impunidade cr\u00f4nica dessa viol\u00eancia sempre crescente.<\/p>\n<p>Acreditamos que a transforma\u00e7\u00e3o cultural \u00e9 essencial.<\/p>\n<p>Por isso, promovemos e apoiamos iniciativas e campanhas de conscientiza\u00e7\u00e3o e educa\u00e7\u00e3o voltadas \u00e0 sociedade, estimulando comportamentos respons\u00e1veis, respeito \u00e0s normas de tr\u00e2nsito e valoriza\u00e7\u00e3o da vida.<\/p>\n<p>Reconhecemos tamb\u00e9m o papel estrat\u00e9gico das empresas p\u00fablicas e privadas na constru\u00e7\u00e3o de um tr\u00e2nsito mais seguro. Assim, oferecemos suporte t\u00e9cnico e institucional para o desenvolvimento de pol\u00edticas corporativas de preven\u00e7\u00e3o de sinistros, incentivando pr\u00e1ticas de mobilidade sustent\u00e1vel e programas internos de seguran\u00e7a vi\u00e1ria.<\/p>\n<p>Nosso trabalho \u00e9 guiado pela convic\u00e7\u00e3o de que cada vida importa e que a uni\u00e3o entre sociedade civil, poder p\u00fablico e iniciativa privada \u00e9 o caminho para um futuro com menos v\u00edtimas e mais respeito no tr\u00e2nsito.<\/p>\n<p>&nbsp;<\/p>\n<p><em>Porque cada vida perdida e sequelas f\u00edsicas e emocionais provocadas pelo tr\u00e2nsito s\u00e3o trag\u00e9dias que podem \u2014 e devem \u2014 ser evitadas.<\/em>[\/vc_column_text][\/vc_column][\/vc_row][vc_row fullwidth=&#8221;true&#8221; fullwidth_content=&#8221;false&#8221; id=&#8221;quem-somos&#8221; css=&#8221;.vc_custom_1771878554688{padding-top: 32px !important;padding-bottom: 32px !important;background-color: #f8f8f8 !important;}&#8221;][vc_column][vc_single_image image=&#8221;2926&#8243; img_size=&#8221;full&#8221; alignment=&#8221;center&#8221;][mk_fancy_title font_family=&#8221;none&#8221; align=&#8221;center&#8221;]\n<h2><strong>Quem Somos<\/strong><\/h2>\n[\/mk_fancy_title][vc_column_text css=&#8221;.vc_custom_1772109890615{margin-bottom: 0px !important;}&#8221;]<img loading=\"lazy\" decoding=\"async\" class=\"thumb alignleft\" title=\"Quem Somos\" src=\"https:\/\/transitoamigo.com.br\/website\/wp-content\/uploads\/2010\/09\/quem-150x150.jpg\" alt=\"\" width=\"150\" height=\"150\"><\/p>\n<p>A perda de um filho \u00e9 t\u00e3o antinatural que n\u00e3o h\u00e1 em nossa l\u00edngua um termo que defina essa situa\u00e7\u00e3o.<\/p>\n<p>Por\u00e9m, o paradoxo em nosso pa\u00eds \u00e9 que, por mais antinatural que seja o tr\u00e2nsito est\u00e1 matando como nunca os nossos jovens.<\/p>\n<p>Para n\u00f3s, pais, parentes e amigos de v\u00edtimas de tr\u00e2nsito, a dor intensa do primeiro momento, aumenta a cada dia. Em primeiro lugar, pela certeza de que n\u00e3o teremos mais nossos jovens juntos de n\u00f3s. Em segundo lugar, pela constata\u00e7\u00e3o cruel de que, pelo descaso e omiss\u00e3o de autoridades e de parcela expressiva da sociedade, novos pais \u00f3rf\u00e3os de filhos juntar-se-\u00e3o ao j\u00e1 gigantesco contingente de eternas v\u00edtimas da viol\u00eancia do tr\u00e2nsito.<\/p>\n<p>Contudo, dessa indescrit\u00edvel dor, h\u00e1 que tirarmos uma li\u00e7\u00e3o. A fam\u00edlia, nesse momento, deve continuar firme nos seus prop\u00f3sitos. Permanecer forte e seguir em frente, sem jamais virar as costas para a vida. N\u00e3o h\u00e1 alternativa para aqueles que s\u00e3o alcan\u00e7ados por trag\u00e9dias t\u00e3o marcantes como a perda de um filho de maneira prematura. Nossa miss\u00e3o passa a ser: n\u00e3o desanimar, ser solid\u00e1rio, ter f\u00e9 e permanecer produtivo\u2026 Esse deve ser sempre o nosso lema.<\/p>\n<p>O que aprendemos desta tr\u00e1gica experi\u00eancia? Podemos garantir que aprendemos, aprendemos muito!<\/p>\n<p>O que modificou em nossas vidas? Muita coisa\u2026 \u00c9 verdade!<\/p>\n<p>E como fica a cabe\u00e7a dos pais de uma v\u00edtima fatal de tr\u00e2nsito? Como fica a fam\u00edlia? J\u00e1 pensaram nisso? Fam\u00edlias permanentemente enlutadas\u2026 Dia dos Pais\u2026 Dia das M\u00e3es\u2026 Natal sem eles\u2026 Anivers\u00e1rios\u2026 Sonhos e esperan\u00e7as brutalmente interrompidas\u2026 Netos que nunca teremos\u2026 Pensaram nisso tamb\u00e9m?<\/p>\n<p>Se nunca pensaram \u00e9 porque tiveram a d\u00e1diva de n\u00e3o serem alcan\u00e7ados pela trag\u00e9dia. Entretanto, isso n\u00e3o imuniza ningu\u00e9m. Sabemos que, \u00e9 extremamente desconfort\u00e1vel para muitos o assunto \u201cdor\u201d, mas vamos falar um pouco de dor, sim! N\u00e3o podemos ficar indiferentes \u00e0 dor de tantas fam\u00edlias que perdem seus familiares todos os dias em nossas cidades em acidentes e trag\u00e9dias de tr\u00e2nsito. A verdade \u00e9 que, n\u00e3o sofremos apenas por perdas decorrentes de trag\u00e9dias de tr\u00e2nsito, mas sim, por todo o tipo de perda. Ent\u00e3o, constatamos a triste realidade da banaliza\u00e7\u00e3o da vida, seja por bala perdida, por viol\u00eancia dom\u00e9stica e at\u00e9, por viol\u00eancia verbal que, muitas vezes maltrata e fere mais que uma agress\u00e3o f\u00edsica. As not\u00edcias das mais variadas formas de perdas fatais, entram pelas nossas telinhas todos os dias como fatos corriqueiros e, se perdem entre manchetes de traficantes, pol\u00edticos corruptos, bandidos, sonega\u00e7\u00f5es, guerras, atentados etc., ocupando um espa\u00e7o que, deveria ser ocupado pela VIDA, ou pelo pleno direito de viver em paz.<\/p>\n<p>O que est\u00e1 acontecendo? A nossa sociedade ficou totalmente insens\u00edvel? Est\u00e3o acreditando que trag\u00e9dias s\u00f3 acontecem com os outros? O que passa pela cabe\u00e7a de nossos governantes, dos senhores da lei, da pr\u00f3pria sociedade organizada para n\u00e3o adotar atitudes firmes e medidas objetivas para combater essa trag\u00e9dia absolutamente f\u00fatil, previs\u00edvel e, tantas vezes anunciada?<\/p>\n<p>Nosso fardo \u00e9 pesado, mas encontramos for\u00e7as para suportar al\u00e9m do nosso, o peso da dor de outros irm\u00e3os.<\/p>\n<p>Como v\u00edtimas de tr\u00e2nsito, podemos e devemos cobrar respostas daqueles que det\u00e9m o poder. Reservamo-nos o direito de cobrar das autoridades constitu\u00eddas, solu\u00e7\u00f5es definitivas, respeito e justi\u00e7a. E, o que temos visto s\u00e3o estat\u00edsticas dos acidentes e trag\u00e9dias de tr\u00e2nsito aumentando todos os anos, frequentemente por culpa de irrespons\u00e1veis que, desafiam a lei e os direitos de vida de cada um de n\u00f3s. A impunidade, a omiss\u00e3o das autoridades, a benevol\u00eancia da lei e a lentid\u00e3o da justi\u00e7a.<\/p>\n<p>Temos a cada ano, milhares de jovens habilitando-se para o tr\u00e2nsito e, sem perceber, alistando-se nessa guerra selvagem onde o inimigo an\u00f4nimo e disfar\u00e7ado, pode ser que cruze seu caminho.<\/p>\n<p>\u201cSENHORES, GUERRAS MATAM MENOS QUE O TR\u00c2NSITO\u201d<\/p>\n<p>A pergunta que continuaremos a fazer at\u00e9 que, atitudes sejam tomadas \u00e9: Continuaremos a presenciar a morte de nossos filhos como frutos maduros caindo de \u00e1rvores?<\/p>\n<p>Lembrem-se:<\/p>\n<p>\u2013 \u201cA morte n\u00e3o \u00e9 a maior perda da vida. A maior perda da vida \u00e9 o que morre dentro de n\u00f3s enquanto vivemos\u201d.<\/p>\n<p>*Fernando Alberto da Costa Diniz \u00e9 pai de Fabr\u00edcio Diniz \u2013 v\u00edtima fatal, falecido aos 20 anos em 10 de mar\u00e7o de 2003 em tr\u00e1gico acidente de tr\u00e2nsito na Avenida das Am\u00e9ricas, Barra da Tijuca, Rio de Janeiro. Fabr\u00edcio faleceu junto com mais duas amigas, Mariana e Juliane, todos sentados no banco de tr\u00e1s de um autom\u00f3vel Peugeot sem uso de cinto de seguran\u00e7a. Motorista e carona escaparam ilesos, Marcelo Kijak, o condutor irrespons\u00e1vel, que dirigia sob efeito de subst\u00e2ncia psicoativa, est\u00e1 foragido e procurado pela Interpol em todo o mundo.<\/p>\n<p>\u00bb Leia o estatudo do TRANSITOAMIGO,&nbsp;<a href=\"https:\/\/transitoamigo.com.br\/website\/wp-content\/uploads\/2010\/09\/estatuto.pdf\" target=\"_blank\" rel=\"noopener\">clique aqui<\/a>.[\/vc_column_text][\/vc_column][\/vc_row][vc_row fullwidth=&#8221;true&#8221; fullwidth_content=&#8221;false&#8221; id=&#8221;contato&#8221; css=&#8221;.vc_custom_1771878590007{padding-top: 32px !important;padding-bottom: 32px !important;}&#8221;][vc_column][mk_fancy_title font_family=&#8221;none&#8221; align=&#8221;center&#8221;]\n<h2><strong>Contato<\/strong><\/h2>\n[\/mk_fancy_title][vc_column_text css=&#8221;.vc_custom_1771877807098{margin-bottom: 0px !important;}&#8221;]Para obter mais informa\u00e7\u00f5es sobre a ONG Transitoamigo, por favor, preencha o formul\u00e1rio abaixo.<\/p>\n<p>Em breve retornaremos sua mensagem. Obrigado![\/vc_column_text]<div role=\"form\" class=\"wpcf7\" id=\"wpcf7-f2869-o1\" lang=\"en-US\" dir=\"ltr\">\n<div class=\"screen-reader-response\"><p role=\"status\" aria-live=\"polite\" aria-atomic=\"true\"><\/p> <ul><\/ul><\/div>\n<form action=\"\/website\/wp-json\/wp\/v2\/pages\/2871#wpcf7-f2869-o1\" method=\"post\" class=\"wpcf7-form init\" novalidate=\"novalidate\" data-status=\"init\">\n<div style=\"display: none;\">\n<input type=\"hidden\" name=\"_wpcf7\" value=\"2869\" \/>\n<input type=\"hidden\" name=\"_wpcf7_version\" value=\"5.5.6.1\" \/>\n<input type=\"hidden\" name=\"_wpcf7_locale\" value=\"en_US\" \/>\n<input type=\"hidden\" name=\"_wpcf7_unit_tag\" value=\"wpcf7-f2869-o1\" \/>\n<input type=\"hidden\" name=\"_wpcf7_container_post\" value=\"0\" \/>\n<input type=\"hidden\" name=\"_wpcf7_posted_data_hash\" value=\"\" \/>\n<\/div>\n<p> <span class=\"wpcf7-form-control-wrap your-name\"><input type=\"text\" name=\"your-name\" value=\"\" size=\"40\" class=\"wpcf7-form-control wpcf7-text wpcf7-validates-as-required\" aria-required=\"true\" aria-invalid=\"false\" placeholder=\"Nome\" \/><\/span> <\/p>\n<p> <span class=\"wpcf7-form-control-wrap your-email\"><input type=\"email\" name=\"your-email\" value=\"E-mail\" size=\"40\" class=\"wpcf7-form-control wpcf7-text wpcf7-email wpcf7-validates-as-required wpcf7-validates-as-email\" aria-required=\"true\" aria-invalid=\"false\" \/><\/span> <\/p>\n<p> <span class=\"wpcf7-form-control-wrap your-message\"><textarea name=\"your-message\" cols=\"40\" rows=\"10\" class=\"wpcf7-form-control wpcf7-textarea\" aria-invalid=\"false\" placeholder=\"Mensagem\"><\/textarea><\/span> <\/p>\n<p><input type=\"submit\" value=\"Enviar\" class=\"wpcf7-form-control has-spinner wpcf7-submit\" \/><\/p>\n<p style=\"display: none !important;\"><label>&#916;<textarea name=\"_wpcf7_ak_hp_textarea\" cols=\"45\" rows=\"8\" maxlength=\"100\"><\/textarea><\/label><input type=\"hidden\" id=\"ak_js_1\" name=\"_wpcf7_ak_js\" value=\"150\"\/><script>document.getElementById( \"ak_js_1\" ).setAttribute( \"value\", ( new Date() ).getTime() );<\/script><\/p><div class=\"wpcf7-response-output\" aria-hidden=\"true\"><\/div><\/form><\/div>[\/vc_column][\/vc_row][vc_row fullwidth=&#8221;true&#8221; fullwidth_content=&#8221;false&#8221;][vc_column][vc_single_image image=&#8221;2870&#8243; img_size=&#8221;full&#8221; alignment=&#8221;center&#8221; css_animation=&#8221;fadeInDown&#8221;][\/vc_column][\/vc_row]\n","protected":false},"excerpt":{"rendered":"<p>[vc_row fullwidth=&#8221;true&#8221; fullwidth_content=&#8221;false&#8221; id=&#8221;missao&#8221; css=&#8221;.vc_custom_1771878582357{padding-top: 32px !important;padding-bottom: 32px !important;}&#8221;][vc_column][mk_fancy_title font_family=&#8221;none&#8221; align=&#8221;center&#8221;] Miss\u00e3o da TR\u00c2NSITOAMIGO \u2013 Associa\u00e7\u00e3o de Parentes, Amigos e V\u00edtimas de Tr\u00e2nsito [\/mk_fancy_title][vc_column_text css=&#8221;.vc_custom_1771877618882{margin-bottom: 0px !important;}&#8221;]A Associa\u00e7\u00e3o de Parentes, Amigos e V\u00edtimas de Tr\u00e2nsito tem como foco principal acolher, apoiar e dar voz \u00e0s v\u00edtimas dos chamados sinistros de tr\u00e2nsito e seus familiares, oferecendo [&hellip;]<\/p>\n","protected":false},"author":6,"featured_media":0,"parent":0,"menu_order":0,"comment_status":"closed","ping_status":"closed","template":"","meta":{"ngg_post_thumbnail":0,"footnotes":""},"class_list":["post-2871","page","type-page","status-publish","hentry"],"_links":{"self":[{"href":"https:\/\/transitoamigo.com.br\/website\/wp-json\/wp\/v2\/pages\/2871","targetHints":{"allow":["GET"]}}],"collection":[{"href":"https:\/\/transitoamigo.com.br\/website\/wp-json\/wp\/v2\/pages"}],"about":[{"href":"https:\/\/transitoamigo.com.br\/website\/wp-json\/wp\/v2\/types\/page"}],"author":[{"embeddable":true,"href":"https:\/\/transitoamigo.com.br\/website\/wp-json\/wp\/v2\/users\/6"}],"replies":[{"embeddable":true,"href":"https:\/\/transitoamigo.com.br\/website\/wp-json\/wp\/v2\/comments?post=2871"}],"version-history":[{"count":42,"href":"https:\/\/transitoamigo.com.br\/website\/wp-json\/wp\/v2\/pages\/2871\/revisions"}],"predecessor-version":[{"id":2973,"href":"https:\/\/transitoamigo.com.br\/website\/wp-json\/wp\/v2\/pages\/2871\/revisions\/2973"}],"wp:attachment":[{"href":"https:\/\/transitoamigo.com.br\/website\/wp-json\/wp\/v2\/media?parent=2871"}],"curies":[{"name":"wp","href":"https:\/\/api.w.org\/{rel}","templated":true}]}}