{"id":2937,"date":"2026-02-23T12:56:35","date_gmt":"2026-02-23T15:56:35","guid":{"rendered":"https:\/\/transitoamigo.com.br\/website\/?page_id=2937"},"modified":"2026-02-23T12:57:25","modified_gmt":"2026-02-23T15:57:25","slug":"missao-da-transitoamigo-associacao-de-parentes-amigos-e-vitimas-de-transito","status":"publish","type":"page","link":"https:\/\/transitoamigo.com.br\/website\/missao-da-transitoamigo-associacao-de-parentes-amigos-e-vitimas-de-transito\/","title":{"rendered":"Miss\u00e3o da TR\u00c2NSITOAMIGO &#8211; Associa\u00e7\u00e3o de Parentes, Amigos e V\u00edtimas de Tr\u00e2nsito"},"content":{"rendered":"<h2>Miss\u00e3o da TR\u00c2NSITOAMIGO &#8211; Associa\u00e7\u00e3o de Parentes, Amigos e V\u00edtimas de Tr\u00e2nsito<\/h2>\n<p>A Associa\u00e7\u00e3o de Parentes, Amigos e V\u00edtimas de Tr\u00e2nsito tem como foco principal acolher, apoiar e dar voz \u00e0s v\u00edtimas dos chamados sinistros de tr\u00e2nsito e seus familiares, oferecendo suporte emocional, jur\u00eddico e social em momentos de dor e reconstru\u00e7\u00e3o.<\/p>\n<p>Nosso compromisso se estende para al\u00e9m do atendimento direto \u00e0s v\u00edtimas: atuamos de forma ativa junto aos organismos p\u00fablicos respons\u00e1veis pela gest\u00e3o do tr\u00e2nsito no Brasil, buscando o fortalecimento das pol\u00edticas p\u00fablicas de preven\u00e7\u00e3o, fiscaliza\u00e7\u00e3o e responsabiliza\u00e7\u00e3o e educa\u00e7\u00e3o de modo a garantir maior seguran\u00e7a vi\u00e1ria e reduzir a sinistralidade e, principalmente, a impunidade cr\u00f4nica dessa viol\u00eancia sempre crescente.<\/p>\n<p>Acreditamos que a transforma\u00e7\u00e3o cultural \u00e9 essencial.<\/p>\n<p>Por isso, promovemos e apoiamos iniciativas e campanhas de conscientiza\u00e7\u00e3o e educa\u00e7\u00e3o voltadas \u00e0 sociedade, estimulando comportamentos respons\u00e1veis, respeito \u00e0s normas de tr\u00e2nsito e valoriza\u00e7\u00e3o da vida.<\/p>\n<p>Reconhecemos tamb\u00e9m o papel estrat\u00e9gico das empresas p\u00fablicas e privadas na constru\u00e7\u00e3o de um tr\u00e2nsito mais seguro. Assim, oferecemos suporte t\u00e9cnico e institucional para o desenvolvimento de pol\u00edticas corporativas de preven\u00e7\u00e3o de sinistros, incentivando pr\u00e1ticas de mobilidade sustent\u00e1vel e programas internos de seguran\u00e7a vi\u00e1ria.<\/p>\n<p>Nosso trabalho \u00e9 guiado pela convic\u00e7\u00e3o de que cada vida importa e que a uni\u00e3o entre sociedade civil, poder p\u00fablico e iniciativa privada \u00e9 o caminho para um futuro com menos v\u00edtimas e mais respeito no tr\u00e2nsito.<\/p>\n<p>&nbsp;<\/p>\n<p><em>Porque cada vida perdida e sequelas f\u00edsicas e emocionais provocadas pelo tr\u00e2nsito s\u00e3o trag\u00e9dias que podem \u2014 e devem \u2014 ser evitadas.<\/em><\/p>\n","protected":false},"excerpt":{"rendered":"<p>Miss\u00e3o da TR\u00c2NSITOAMIGO &#8211; Associa\u00e7\u00e3o de Parentes, Amigos e V\u00edtimas de Tr\u00e2nsito A Associa\u00e7\u00e3o de Parentes, Amigos e V\u00edtimas de Tr\u00e2nsito tem como foco principal acolher, apoiar e dar voz \u00e0s v\u00edtimas dos chamados sinistros de tr\u00e2nsito e seus familiares, oferecendo suporte emocional, jur\u00eddico e social em momentos de dor e reconstru\u00e7\u00e3o. Nosso compromisso se [&hellip;]<\/p>\n","protected":false},"author":6,"featured_media":0,"parent":0,"menu_order":0,"comment_status":"closed","ping_status":"closed","template":"","meta":{"ngg_post_thumbnail":0,"footnotes":""},"class_list":["post-2937","page","type-page","status-publish","hentry"],"_links":{"self":[{"href":"https:\/\/transitoamigo.com.br\/website\/wp-json\/wp\/v2\/pages\/2937","targetHints":{"allow":["GET"]}}],"collection":[{"href":"https:\/\/transitoamigo.com.br\/website\/wp-json\/wp\/v2\/pages"}],"about":[{"href":"https:\/\/transitoamigo.com.br\/website\/wp-json\/wp\/v2\/types\/page"}],"author":[{"embeddable":true,"href":"https:\/\/transitoamigo.com.br\/website\/wp-json\/wp\/v2\/users\/6"}],"replies":[{"embeddable":true,"href":"https:\/\/transitoamigo.com.br\/website\/wp-json\/wp\/v2\/comments?post=2937"}],"version-history":[{"count":2,"href":"https:\/\/transitoamigo.com.br\/website\/wp-json\/wp\/v2\/pages\/2937\/revisions"}],"predecessor-version":[{"id":2939,"href":"https:\/\/transitoamigo.com.br\/website\/wp-json\/wp\/v2\/pages\/2937\/revisions\/2939"}],"wp:attachment":[{"href":"https:\/\/transitoamigo.com.br\/website\/wp-json\/wp\/v2\/media?parent=2937"}],"curies":[{"name":"wp","href":"https:\/\/api.w.org\/{rel}","templated":true}]}}